{"id":154,"date":"2022-09-30T11:55:52","date_gmt":"2022-09-30T09:55:52","guid":{"rendered":"https:\/\/esgoetagung.wordpress.com\/?page_id=154"},"modified":"2023-06-30T13:50:12","modified_gmt":"2023-06-30T11:50:12","slug":"newsletter","status":"publish","type":"page","link":"https:\/\/tagung.karmel.at\/?page_id=154","title":{"rendered":"Newsletter"},"content":{"rendered":"<p><!-- Begin Mailchimp Signup Form -->\n<link href=\"\/\/cdn-images.mailchimp.com\/embedcode\/classic-10_7.css\" rel=\"stylesheet\" type=\"text\/css\">\n<style type=\"text\/css\">\n\t#mc_embed_signup{background:#fff; clear:left; font:14px Helvetica,Arial,sans-serif;  width:600px;}<br \/>\n\t\/* Add your own Mailchimp form style overrides in your site stylesheet or in this style block.<br \/>\n\t   We recommend moving this block and the preceding CSS link to the HEAD of your HTML file. *\/<br \/>\n<\/style>\n<style type=\"text\/css\">\n\t#mc-embedded-subscribe-form input[type=checkbox]{display: inline; width: auto;margin-right: 10px;}<br \/>\n\t#mergeRow-gdpr {margin-top: 20px;}<br \/>\n\t#mergeRow-gdpr fieldset label {font-weight: normal;}<br \/>\n\t#mc-embedded-subscribe-form .mc_fieldset{border:none;min-height: 0px;padding-bottom:0px;}<br \/>\n<\/style>\n<\/p><div id=\"mc_embed_signup\">\n<form action=\"https:\/\/karmel.us6.list-manage.com\/subscribe\/post?u=7c9d2aa0ecc1fde64fd44bc67&amp;id=10430a5833\" method=\"post\" id=\"mc-embedded-subscribe-form\" name=\"mc-embedded-subscribe-form\" class=\"validate\" target=\"_blank\" novalidate=\"\">\n<div id=\"mc_embed_signup_scroll\">\n<h2>Subscribe<\/h2>\n<div class=\"indicates-required\"><span class=\"asterisk\">*<\/span> indicates required<\/div>\n<div class=\"mc-field-group\">\n\t<label for=\"mce-EMAIL\">eMail Adresse (obligatorisch)  <span class=\"asterisk\">*<\/span><br>\n<\/label><br>\n\t<input type=\"email\" value=\"\" name=\"EMAIL\" class=\"required email\" id=\"mce-EMAIL\">\n<\/div>\n<div class=\"mc-field-group input-group\">\n    <strong>Ich m\u00f6chte folgende Aussendungen abonnieren: <\/strong><p><\/p>\n<ul>\n<li><input type=\"checkbox\" value=\"256\" name=\"group[16777][256]\" id=\"mce-group[16777]-16777-2\"><label for=\"mce-group[16777]-16777-2\">Infos\/Veranstaltungen der Edith Stein Gesellschaft<\/label><\/li>\n<li><input type=\"checkbox\" value=\"128\" name=\"group[16777][128]\" id=\"mce-group[16777]-16777-0\"><label for=\"mce-group[16777]-16777-0\">Friedensgebet\/Novene Hl. Edith Stein<\/label><\/li>\n<li><input type=\"checkbox\" value=\"64\" name=\"group[16777][64]\" id=\"mce-group[16777]-16777-1\"><label for=\"mce-group[16777]-16777-1\">Infos zu Karmelveranstaltungen in \u00d6sterreich<\/label><\/li>\n<\/ul>\n<\/div>\n<div id=\"mergeRow-gdpr\" class=\"mergeRow gdpr-mergeRow content__gdprBlock mc-field-group\">\n<div class=\"content__gdpr\">\n        <label>Erlaubnis zum Versand von Information<\/label><p><\/p>\n<p>Die Karmeliten in \u00d6sterreich werden die Informationen, die Sie in diesem Formular angeben, dazu verwenden, mit Ihnen in Kontakt zu bleiben und Ihnen Informationen \u00fcber Internet-Aktivit\u00e4ten wie Exerzitien Online o.\u00e4. zu \u00fcbermitteln &#8211; je nach Ihrer Auswahl im obigen Formular. Bitte lassen Sie uns wissen, auf welche Art und Weise Sie von uns h\u00f6ren m\u00f6chten und kreuzen Sie bitte das Feld &#8222;E-Mail&#8220; hier an:<\/p>\n<fieldset class=\"mc_fieldset gdprRequired mc-field-group\" name=\"interestgroup_field\">\n\t\t<label class=\"checkbox subfield\" for=\"gdpr_13\"><input type=\"checkbox\" id=\"gdpr_13\" name=\"gdpr[13]\" value=\"Y\" class=\"av-checkbox gdpr\"><span>E-Mail<\/span> <\/label><br>\n        <\/fieldset>\n<p>Sie k\u00f6nnen Ihre Meinung jederzeit \u00e4ndern, indem Sie auf den Abbestellungs-Link klicken, den Sie in der Fu\u00dfzeile jeder E-Mail, die Sie von uns erhalten, finden k\u00f6nnen, oder indem Sie uns unter online-exerzitien@karmel.at kontaktieren. Wir werden Ihre Informationen mit Sorgfalt und Respekt behandeln. Weitere Informationen zu unseren Datenschutzpraktiken finden Sie auf unserer Website www.karmel.at . Indem Sie unten klicken, erkl\u00e4ren Sie sich damit einverstanden, dass wir Ihre Informationen in \u00dcbereinstimmung mit diesen Bedingungen verarbeiten d\u00fcrfen.<\/p>\n<p><\/p><\/div>\n<div class=\"content__gdprLegal\">\n<p>We use Mailchimp as our marketing platform. By clicking below to subscribe, you acknowledge that your information will be transferred to Mailchimp for processing. <a href=\"https:\/\/mailchimp.com\/legal\/terms\" target=\"_blank\" rel=\"noopener\">Learn more about Mailchimp&#8217;s privacy practices here.<\/a><\/p>\n<p><\/p><\/div>\n<\/div>\n<div id=\"mce-responses\" class=\"clear\">\n<div class=\"response\" id=\"mce-error-response\" style=\"display:none\"><\/div>\n<div class=\"response\" id=\"mce-success-response\" style=\"display:none\"><\/div>\n<p><\/p><\/div>\n<p>    <!-- real people should not fill this in and expect good things - do not remove this or risk form bot signups--><\/p>\n<div style=\"position: absolute; left: -5000px;\" aria-hidden=\"true\"><input type=\"text\" name=\"b_7c9d2aa0ecc1fde64fd44bc67_10430a5833\" tabindex=\"-1\" value=\"\"><\/div>\n<div class=\"clear\"><input type=\"submit\" value=\"Subscribe\" name=\"subscribe\" id=\"mc-embedded-subscribe\" class=\"button\"><\/div>\n<p><\/p><\/div>\n<\/form>\n<\/div>\n<p><script type=\"text\/javascript\" src=\"\/\/s3.amazonaws.com\/downloads.mailchimp.com\/js\/mc-validate.js\"><\/script><script type=\"text\/javascript\">(function($) {window.fnames = new Array(); window.ftypes = new Array();fnames[0]='EMAIL';ftypes[0]='email';fnames[1]='FNAME';ftypes[1]='text';fnames[2]='LNAME';ftypes[2]='text';fnames[6]='MMERGE6';ftypes[6]='text';fnames[4]='MMERGE4';ftypes[4]='text';fnames[3]='MMERGE3';ftypes[3]='text';fnames[5]='MMERGE5';ftypes[5]='radio';fnames[7]='MMERGE7';ftypes[7]='text'; \/*<br \/>\n * Translated default messages for the $ validation plugin.<br \/>\n * Locale: DE<br \/>\n *\/<br \/>\n$.extend($.validator.messages, {<br \/>\n\trequired: \"Dieses Feld ist ein Pflichtfeld.\",<br \/>\n\tmaxlength: $.validator.format(\"Geben Sie bitte maximal {0} Zeichen ein.\"),<br \/>\n\tminlength: $.validator.format(\"Geben Sie bitte mindestens {0} Zeichen ein.\"),<br \/>\n\trangelength: $.validator.format(\"Geben Sie bitte mindestens {0} und maximal {1} Zeichen ein.\"),<br \/>\n\temail: \"Geben Sie bitte eine g\u00fcltige E-Mail Adresse ein.\",<br \/>\n\turl: \"Geben Sie bitte eine g\u00fcltige URL ein.\",<br \/>\n\tdate: \"Bitte geben Sie ein g\u00fcltiges Datum ein.\",<br \/>\n\tnumber: \"Geben Sie bitte eine Nummer ein.\",<br \/>\n\tdigits: \"Geben Sie bitte nur Ziffern ein.\",<br \/>\n\tequalTo: \"Bitte denselben Wert wiederholen.\",<br \/>\n\trange: $.validator.format(\"Geben Sie bitten einen Wert zwischen {0} und {1}.\"),<br \/>\n\tmax: $.validator.format(\"Geben Sie bitte einen Wert kleiner oder gleich {0} ein.\"),<br \/>\n\tmin: $.validator.format(\"Geben Sie bitte einen Wert gr\u00f6\u00dfer oder gleich {0} ein.\"),<br \/>\n\tcreditcard: \"Geben Sie bitte ein g\u00fcltige Kreditkarten-Nummer ein.\"<br \/>\n});}(jQuery));var $mcj = jQuery.noConflict(true);<\/script><br>\n<!--End mc_embed_signup--><\/p>\n\n\n<p><a href=\"https:\/\/karmel.us6.list-manage.com\/subscribe?u=7c9d2aa0ecc1fde64fd44bc67&amp;id=10430a5833\" target=\"_blank\" rel=\"noreferrer noopener\">Hier k\u00f6nnen Sie sich f\u00fcr unseren Newsletter anmelden<\/a><\/p>\n","protected":false},"excerpt":{"rendered":"<p>Subscribe * indicates required eMail Adresse (obligatorisch) * Ich m\u00f6chte folgende Aussendungen abonnieren: Infos\/Veranstaltungen der Edith Stein Gesellschaft Friedensgebet\/Novene Hl. Edith Stein Infos zu Karmelveranstaltungen in \u00d6sterreich Erlaubnis zum Versand von Information Die Karmeliten in \u00d6sterreich werden die Informationen, die Sie in diesem Formular angeben, dazu verwenden, mit Ihnen in Kontakt zu bleiben und Ihnen &hellip; <\/p>\n<p class=\"link-more\"><a href=\"https:\/\/tagung.karmel.at\/?page_id=154\" class=\"more-link\">Continue reading<span class=\"screen-reader-text\"> &#8222;Newsletter&#8220;<\/span><\/a><\/p>\n","protected":false},"author":1,"featured_media":0,"parent":0,"menu_order":0,"comment_status":"closed","ping_status":"closed","template":"","meta":[],"_links":{"self":[{"href":"https:\/\/tagung.karmel.at\/index.php?rest_route=\/wp\/v2\/pages\/154"}],"collection":[{"href":"https:\/\/tagung.karmel.at\/index.php?rest_route=\/wp\/v2\/pages"}],"about":[{"href":"https:\/\/tagung.karmel.at\/index.php?rest_route=\/wp\/v2\/types\/page"}],"author":[{"embeddable":true,"href":"https:\/\/tagung.karmel.at\/index.php?rest_route=\/wp\/v2\/users\/1"}],"replies":[{"embeddable":true,"href":"https:\/\/tagung.karmel.at\/index.php?rest_route=%2Fwp%2Fv2%2Fcomments&post=154"}],"version-history":[{"count":3,"href":"https:\/\/tagung.karmel.at\/index.php?rest_route=\/wp\/v2\/pages\/154\/revisions"}],"predecessor-version":[{"id":415,"href":"https:\/\/tagung.karmel.at\/index.php?rest_route=\/wp\/v2\/pages\/154\/revisions\/415"}],"wp:attachment":[{"href":"https:\/\/tagung.karmel.at\/index.php?rest_route=%2Fwp%2Fv2%2Fmedia&parent=154"}],"curies":[{"name":"wp","href":"https:\/\/api.w.org\/{rel}","templated":true}]}}