{"id":353,"date":"2022-10-07T08:51:51","date_gmt":"2022-10-07T06:51:51","guid":{"rendered":"https:\/\/esgoetagung.wordpress.com\/?page_id=353"},"modified":"2025-09-04T10:55:18","modified_gmt":"2025-09-04T08:55:18","slug":"anmeldung","status":"publish","type":"page","link":"https:\/\/tagung.karmel.at\/?page_id=353","title":{"rendered":"Anmeldung"},"content":{"rendered":"\n<p>Melden Sie sich bitte \u00fcber dieses\u00a0<a href=\"https:\/\/us6.list-manage.com\/survey?u=7c9d2aa0ecc1fde64fd44bc67&amp;id=18eaa439e6&amp;attribution=false\" target=\"_blank\" rel=\"noreferrer noopener\">Formular <\/a>zur Tagung an. Die Teilnahme ist in Pr\u00e4senz und durch Online Livestream m\u00f6glich.<\/p>\n\n\n\n<p>Anmeldung auch m\u00f6glich per Mail an info(at)edith-stein-gesellschaft.at oder telefonisch unter +43 (0)\u202d699 16770217\u202c<\/p>\n\n\n\n<p class=\"has-background has-medium-font-size\" style=\"background-color:#ffffff00\"><strong>Tagungsgeb\u00fchr: <\/strong><\/p>\n\n\n\n<figure class=\"wp-block-table\"><table class=\"has-background\" style=\"background-color:#ede5d300\"><tbody><tr><td>Art<\/td><td>Preis<\/td><\/tr><tr><td>Einzelperson<\/td><td>\u20ac20<\/td><\/tr><tr><td>ESG\u00d6 Mitglieder &#8211; <a rel=\"noreferrer noopener\" href=\"https:\/\/www.edith-stein-gesellschaft.at\/Media\/Sites\/Edith-Stein-Gesellschaft-Oesterreich\/Ueber-die-Gesellschaft\/Mitglied-werden\" target=\"_blank\">(hier Mitglied werden)<\/a> <\/td><td>\u20ac10<\/td><\/tr><tr><td>Senioren<\/td><td>\u20ac15<\/td><\/tr><tr><td>Studenten<\/td><td>\u20ac7<\/td><\/tr><tr><td><a href=\"https:\/\/www.edith-stein-gesellschaft.at\/Media\/Sites\/Edith-Stein-Gesellschaft-Oesterreich\/Ueber-die-Gesellschaft\/Mitglied-werden\" target=\"_blank\" rel=\"noreferrer noopener\">ESG\u00d6 Mitglieder &#8211; Studenten<\/a><\/td><td>\u20ac0<\/td><\/tr><tr><td>Andere Erm\u00e4\u00dfigungen<\/td><td>\u20ac7<\/td><\/tr><\/tbody><\/table><\/figure>\n\n\n\n<p class=\"has-background\" style=\"background-color:#ede5d300;line-height:1.5\">Wir bitten um \u00dcberweisung der Teilnahmegeb\u00fchr auf folgendes Konto:<br>Lautend auf: Edith Stein Gesellschaft \u00d6sterreich<br>IBAN: AT47 5400 0000 0070 3843<br>BIC: OBLAAT2L<br>Verwendungszweck: Edith Stein Tagung [Mitgliedsnummer &#8211; wenn bekannt]<br><\/p>\n\n\n\n<p class=\"has-background\" style=\"background-color:#ede5d300;line-height:1.5\">Falls Ihre Bankgeb\u00fchren f\u00fcr eine \u00dcberweisung nach \u00d6sterreich unverh\u00e4ltnism\u00e4\u00dfig hoch w\u00e4ren, k\u00f6nnen Sie \u00fcber PayPal einzahlen: <a href=\"https:\/\/www.paypal.com\/donate?hosted_button_id=PNKBDKANEMWHQ\">https:\/\/www.paypal.com\/donate?hosted_button_id=PNKBDKANEMWHQ<\/a><br><\/p>\n\n\n\n<p class=\"has-background\" style=\"background-color:#ede5d300;line-height:1.5\">F\u00fcr \u00dcberweisungen aus der Schweiz oder aus anderen nicht-EU L\u00e4ndern empfehlen wir&nbsp;<a href=\"http:\/\/www.wise.com\">www.wise.com<\/a><\/p>\n\n\n\n<div class=\"wp-container-1 is-content-justification-center wp-block-buttons\">\n<div class=\"wp-block-button\"><a class=\"wp-block-button__link\" href=\"https:\/\/us6.list-manage.com\/survey?u=7c9d2aa0ecc1fde64fd44bc67&amp;id=18eaa439e6&amp;attribution=false\">Anmeldung zur Tagung<\/a><\/div>\n<\/div>\n","protected":false},"excerpt":{"rendered":"<p>Melden Sie sich bitte \u00fcber dieses\u00a0Formular zur Tagung an. Die Teilnahme ist in Pr\u00e4senz und durch Online Livestream m\u00f6glich. Anmeldung auch m\u00f6glich per Mail an info(at)edith-stein-gesellschaft.at oder telefonisch unter +43 (0)\u202d699 16770217\u202c Tagungsgeb\u00fchr: Art Preis Einzelperson \u20ac20 ESG\u00d6 Mitglieder &#8211; (hier Mitglied werden) \u20ac10 Senioren \u20ac15 Studenten \u20ac7 ESG\u00d6 Mitglieder &#8211; Studenten \u20ac0 Andere Erm\u00e4\u00dfigungen &hellip; <\/p>\n<p class=\"link-more\"><a href=\"https:\/\/tagung.karmel.at\/?page_id=353\" class=\"more-link\">Continue reading<span class=\"screen-reader-text\"> &#8222;Anmeldung&#8220;<\/span><\/a><\/p>\n","protected":false},"author":1,"featured_media":0,"parent":0,"menu_order":0,"comment_status":"closed","ping_status":"closed","template":"","meta":[],"_links":{"self":[{"href":"https:\/\/tagung.karmel.at\/index.php?rest_route=\/wp\/v2\/pages\/353"}],"collection":[{"href":"https:\/\/tagung.karmel.at\/index.php?rest_route=\/wp\/v2\/pages"}],"about":[{"href":"https:\/\/tagung.karmel.at\/index.php?rest_route=\/wp\/v2\/types\/page"}],"author":[{"embeddable":true,"href":"https:\/\/tagung.karmel.at\/index.php?rest_route=\/wp\/v2\/users\/1"}],"replies":[{"embeddable":true,"href":"https:\/\/tagung.karmel.at\/index.php?rest_route=%2Fwp%2Fv2%2Fcomments&post=353"}],"version-history":[{"count":10,"href":"https:\/\/tagung.karmel.at\/index.php?rest_route=\/wp\/v2\/pages\/353\/revisions"}],"predecessor-version":[{"id":532,"href":"https:\/\/tagung.karmel.at\/index.php?rest_route=\/wp\/v2\/pages\/353\/revisions\/532"}],"wp:attachment":[{"href":"https:\/\/tagung.karmel.at\/index.php?rest_route=%2Fwp%2Fv2%2Fmedia&parent=353"}],"curies":[{"name":"wp","href":"https:\/\/api.w.org\/{rel}","templated":true}]}}