{"id":367,"date":"2023-04-19T10:43:05","date_gmt":"2023-04-19T08:43:05","guid":{"rendered":"https:\/\/tagung.karmel.at\/?page_id=367"},"modified":"2025-08-26T20:34:27","modified_gmt":"2025-08-26T18:34:27","slug":"edith-stein-tagung-2023-ueber-die-freiheit","status":"publish","type":"page","link":"https:\/\/tagung.karmel.at\/","title":{"rendered":"Edith Stein Tagung 2025"},"content":{"rendered":"\n<h1 class=\"has-text-align-center\"><strong>Umbruch \u2013 Wandel &#8211; Mut<\/strong><\/h1>\n\n\n\n<h2>Edith Stein Gesellschaft \u00d6sterreich und Karmeliten in Wien<br><strong>24. &#8211; 25. Oktober 2025 in Wien<\/strong><\/h2>\n\n\n\n<p>In Pr\u00e4senz und \u00fcber Livestream<\/p>\n\n\n\n<p>Festsaal im Erzbisch\u00f6flichen Palais&nbsp;<\/p>\n\n\n\n<p>Wollzeile 2, 1010 Wien<\/p>\n","protected":false},"excerpt":{"rendered":"<p>Umbruch \u2013 Wandel &#8211; Mut Edith Stein Gesellschaft \u00d6sterreich und Karmeliten in Wien24. &#8211; 25. Oktober 2025 in Wien In Pr\u00e4senz und \u00fcber Livestream Festsaal im Erzbisch\u00f6flichen Palais&nbsp; Wollzeile 2, 1010 Wien<\/p>\n","protected":false},"author":2,"featured_media":0,"parent":0,"menu_order":0,"comment_status":"closed","ping_status":"closed","template":"","meta":[],"_links":{"self":[{"href":"https:\/\/tagung.karmel.at\/index.php?rest_route=\/wp\/v2\/pages\/367"}],"collection":[{"href":"https:\/\/tagung.karmel.at\/index.php?rest_route=\/wp\/v2\/pages"}],"about":[{"href":"https:\/\/tagung.karmel.at\/index.php?rest_route=\/wp\/v2\/types\/page"}],"author":[{"embeddable":true,"href":"https:\/\/tagung.karmel.at\/index.php?rest_route=\/wp\/v2\/users\/2"}],"replies":[{"embeddable":true,"href":"https:\/\/tagung.karmel.at\/index.php?rest_route=%2Fwp%2Fv2%2Fcomments&post=367"}],"version-history":[{"count":14,"href":"https:\/\/tagung.karmel.at\/index.php?rest_route=\/wp\/v2\/pages\/367\/revisions"}],"predecessor-version":[{"id":504,"href":"https:\/\/tagung.karmel.at\/index.php?rest_route=\/wp\/v2\/pages\/367\/revisions\/504"}],"wp:attachment":[{"href":"https:\/\/tagung.karmel.at\/index.php?rest_route=%2Fwp%2Fv2%2Fmedia&parent=367"}],"curies":[{"name":"wp","href":"https:\/\/api.w.org\/{rel}","templated":true}]}}