{"id":449,"date":"2024-02-21T19:58:32","date_gmt":"2024-02-21T18:58:32","guid":{"rendered":"https:\/\/tagung.karmel.at\/?page_id=449"},"modified":"2024-02-21T19:58:32","modified_gmt":"2024-02-21T18:58:32","slug":"videos-aus-der-tagung-2023","status":"publish","type":"page","link":"https:\/\/tagung.karmel.at\/?page_id=449","title":{"rendered":"Videos aus der Tagung 2023"},"content":{"rendered":"\n<h2><strong>Freiheit und Glaube, Freiheit und Verantwortung<\/strong>. Edith Steins Konzept von Freiheit als Modell f\u00fcr heute? &#8211; <em>PD Dr. Tonke Dennebaum (RWTH Aachen University)<\/em><\/h2>\n\n\n\n<figure class=\"wp-block-embed is-type-video is-provider-youtube wp-block-embed-youtube wp-embed-aspect-16-9 wp-has-aspect-ratio\"><div class=\"wp-block-embed__wrapper\">\n<iframe loading=\"lazy\" title=\"Freiheit und Glaube, Freiheit und Verantwortung - Edith Steins Konzept als Modell f\u00fcr heute?\" width=\"525\" height=\"295\" src=\"https:\/\/www.youtube.com\/embed\/Kn9_r3XO3R0?start=270&#038;feature=oembed\" frameborder=\"0\" allow=\"accelerometer; autoplay; clipboard-write; encrypted-media; gyroscope; picture-in-picture; web-share\" allowfullscreen><\/iframe>\n<\/div><\/figure>\n\n\n\n<h2><strong>Recht auf Gerechtigkeit: Edith Stein und das Konzept der Zivilcourage<\/strong> &#8211; <em>Dr. Ma\u0142gorzata Bogaczyk-Vormayr\u00a0(KPH Edith Stein Innsbruck)<\/em><\/h2>\n\n\n\n<figure class=\"wp-block-embed is-type-video is-provider-youtube wp-block-embed-youtube wp-embed-aspect-16-9 wp-has-aspect-ratio\"><div class=\"wp-block-embed__wrapper\">\n<iframe loading=\"lazy\" title=\"Zivilcourage bei Edith Stein - Vortrag von HS-Prof. M. Bogaczyk-Vormayr\" width=\"525\" height=\"295\" src=\"https:\/\/www.youtube.com\/embed\/N0nJ5zlvsBk?start=2021&#038;feature=oembed\" frameborder=\"0\" allow=\"accelerometer; autoplay; clipboard-write; encrypted-media; gyroscope; picture-in-picture; web-share\" allowfullscreen><\/iframe>\n<\/div><\/figure>\n\n\n\n<h2><strong>\u201eF\u00fcr diesen Tag will ich streiten (\u2026.) an dem jeder sein Anteil am B\u00f6sen beklagt\u201c <\/strong>(I. Bachmann) Einige Beispiele nationaler und internationaler Konflikt- und Friedensmediation Erfahrungen, Kommentare, Probleme aus praktischer Perspektive &#8211; Mag. Wolfgang Weilharter MA (Institut Austrian Center for Peace)<\/h2>\n\n\n\n<figure class=\"wp-block-embed is-type-video is-provider-youtube wp-block-embed-youtube wp-embed-aspect-16-9 wp-has-aspect-ratio\"><div class=\"wp-block-embed__wrapper\">\n<iframe loading=\"lazy\" title=\"Konflikt- und Friedensmediation: Erfahrungen, Kommentare, Probleme - Wolfgang Weilharter\" width=\"525\" height=\"295\" src=\"https:\/\/www.youtube.com\/embed\/Q8bWrpHlgsQ?feature=oembed\" frameborder=\"0\" allow=\"accelerometer; autoplay; clipboard-write; encrypted-media; gyroscope; picture-in-picture; web-share\" allowfullscreen><\/iframe>\n<\/div><\/figure>\n\n\n\n<h2><strong>Motivation als Grundbegriff der Geisteswissenschaften<\/strong> &#8211; <em>Hon Chu Ming MPhil MA (Chinese University of Hong Kong)<\/em><\/h2>\n\n\n\n<figure class=\"wp-block-embed is-type-video is-provider-youtube wp-block-embed-youtube wp-embed-aspect-16-9 wp-has-aspect-ratio\"><div class=\"wp-block-embed__wrapper\">\n<iframe loading=\"lazy\" title=\"Motivation als Grundbegriff der Geisteswissenschaften - Hon Chu Ming\" width=\"525\" height=\"295\" src=\"https:\/\/www.youtube.com\/embed\/IMeLMQWqV9U?feature=oembed\" frameborder=\"0\" allow=\"accelerometer; autoplay; clipboard-write; encrypted-media; gyroscope; picture-in-picture; web-share\" allowfullscreen><\/iframe>\n<\/div><\/figure>\n\n\n\n<h2><strong>Die Verantwortung des Gebets nach Edith Steins Ekklesiologie<\/strong> &#8211; <em>P. Dr. Christof Betschart OCD (Theologische Fakult\u00e4t Teresianum, Rom)<\/em><\/h2>\n\n\n\n<figure class=\"wp-block-embed is-type-video is-provider-youtube wp-block-embed-youtube wp-embed-aspect-16-9 wp-has-aspect-ratio\"><div class=\"wp-block-embed__wrapper\">\n<iframe loading=\"lazy\" title=\"Die Verantwortung des Gebets nach Edith Steins Ekklesiologie - Christof Betschart\" width=\"525\" height=\"295\" src=\"https:\/\/www.youtube.com\/embed\/aVs29E_sgCw?feature=oembed\" frameborder=\"0\" allow=\"accelerometer; autoplay; clipboard-write; encrypted-media; gyroscope; picture-in-picture; web-share\" allowfullscreen><\/iframe>\n<\/div><\/figure>\n\n\n\n<h2><strong>Das Erlebnis der Freiheit nach Edith Stein: \u201eein Weg zwischen zwei Abgr\u00fcnden\u201c<\/strong> &#8211; <em>Dr. Laurence Bur (Universit\u00e4t Stra\u00dfburg)<\/em><\/h2>\n\n\n\n<figure class=\"wp-block-embed is-type-video is-provider-youtube wp-block-embed-youtube wp-embed-aspect-16-9 wp-has-aspect-ratio\"><div class=\"wp-block-embed__wrapper\">\n<iframe loading=\"lazy\" title=\"Das Erlebnis der Freiheit nach Edith Stein \u201eein Weg zwischen zwei Abgr\u00fcnden\u201c - Laurence Bur\" width=\"525\" height=\"295\" src=\"https:\/\/www.youtube.com\/embed\/Lf0THunjtGk?feature=oembed\" frameborder=\"0\" allow=\"accelerometer; autoplay; clipboard-write; encrypted-media; gyroscope; picture-in-picture; web-share\" allowfullscreen><\/iframe>\n<\/div><\/figure>\n\n\n\n<h2><strong>Freiheit \u2013 eine komplexe Realit\u00e4t.\u00a0<\/strong>Edith Steins einzigartige Analyse des Zu-Selbstverst\u00e4ndlichen <em>DDr. Claudia Mari\u00e8le Wulf (Saint Paul Universit\u00e4t Wottawa)<\/em><\/h2>\n\n\n\n<figure class=\"wp-block-embed is-type-video is-provider-youtube wp-block-embed-youtube wp-embed-aspect-16-9 wp-has-aspect-ratio\"><div class=\"wp-block-embed__wrapper\">\n<iframe loading=\"lazy\" title=\"Freiheit \u2013 eine komplexe Realit\u00e4t. Edith Steins einzigartige Analyse des Zu-Selbstverst\u00e4ndlichen\" width=\"525\" height=\"295\" src=\"https:\/\/www.youtube.com\/embed\/KtpGmSLFEnE?feature=oembed\" frameborder=\"0\" allow=\"accelerometer; autoplay; clipboard-write; encrypted-media; gyroscope; picture-in-picture; web-share\" allowfullscreen><\/iframe>\n<\/div><\/figure>\n","protected":false},"excerpt":{"rendered":"<p>Freiheit und Glaube, Freiheit und Verantwortung. Edith Steins Konzept von Freiheit als Modell f\u00fcr heute? &#8211; PD Dr. Tonke Dennebaum (RWTH Aachen University) Recht auf Gerechtigkeit: Edith Stein und das Konzept der Zivilcourage &#8211; Dr. Ma\u0142gorzata Bogaczyk-Vormayr\u00a0(KPH Edith Stein Innsbruck) \u201eF\u00fcr diesen Tag will ich streiten (\u2026.) an dem jeder sein Anteil am B\u00f6sen beklagt\u201c &hellip; <\/p>\n<p class=\"link-more\"><a href=\"https:\/\/tagung.karmel.at\/?page_id=449\" class=\"more-link\">Continue reading<span class=\"screen-reader-text\"> &#8222;Videos aus der Tagung 2023&#8220;<\/span><\/a><\/p>\n","protected":false},"author":2,"featured_media":0,"parent":0,"menu_order":0,"comment_status":"closed","ping_status":"closed","template":"","meta":[],"_links":{"self":[{"href":"https:\/\/tagung.karmel.at\/index.php?rest_route=\/wp\/v2\/pages\/449"}],"collection":[{"href":"https:\/\/tagung.karmel.at\/index.php?rest_route=\/wp\/v2\/pages"}],"about":[{"href":"https:\/\/tagung.karmel.at\/index.php?rest_route=\/wp\/v2\/types\/page"}],"author":[{"embeddable":true,"href":"https:\/\/tagung.karmel.at\/index.php?rest_route=\/wp\/v2\/users\/2"}],"replies":[{"embeddable":true,"href":"https:\/\/tagung.karmel.at\/index.php?rest_route=%2Fwp%2Fv2%2Fcomments&post=449"}],"version-history":[{"count":1,"href":"https:\/\/tagung.karmel.at\/index.php?rest_route=\/wp\/v2\/pages\/449\/revisions"}],"predecessor-version":[{"id":450,"href":"https:\/\/tagung.karmel.at\/index.php?rest_route=\/wp\/v2\/pages\/449\/revisions\/450"}],"wp:attachment":[{"href":"https:\/\/tagung.karmel.at\/index.php?rest_route=%2Fwp%2Fv2%2Fmedia&parent=449"}],"curies":[{"name":"wp","href":"https:\/\/api.w.org\/{rel}","templated":true}]}}