{"id":464,"date":"2024-10-03T18:30:46","date_gmt":"2024-10-03T16:30:46","guid":{"rendered":"https:\/\/tagung.karmel.at\/?page_id=464"},"modified":"2024-10-05T18:48:40","modified_gmt":"2024-10-05T16:48:40","slug":"programm-edith-stein-tagung-2024","status":"publish","type":"page","link":"https:\/\/tagung.karmel.at\/?page_id=464","title":{"rendered":"Programm Edith Stein Tagung 2024"},"content":{"rendered":"\n<div class=\"wp-container-1 wp-block-group\"><div class=\"wp-block-group__inner-container\">\n<div class=\"wp-block-file\"><object class=\"wp-block-file__embed\" data=\"https:\/\/tagung.karmel.at\/wp-content\/uploads\/2024\/10\/ES-Tagung-Plakat_2024.pdf\" type=\"application\/pdf\" style=\"width:100%;height:600px\" aria-label=\"Einbettung von ES-Tagung-Plakat_2024.\"><\/object><a id=\"wp-block-file--media-42813f28-5574-4194-961c-add21f7a43f5\" href=\"https:\/\/tagung.karmel.at\/wp-content\/uploads\/2024\/10\/ES-Tagung-Plakat_2024.pdf\">ES-Tagung-Plakat_2024<\/a><a href=\"https:\/\/tagung.karmel.at\/wp-content\/uploads\/2024\/10\/ES-Tagung-Plakat_2024.pdf\" class=\"wp-block-file__button\" download aria-describedby=\"wp-block-file--media-42813f28-5574-4194-961c-add21f7a43f5\">Download<\/a><\/div>\n<\/div><\/div>\n\n\n\n<p><\/p>\n\n\n\n<p class=\"has-medium-font-size\"><strong>Freitag, den 18. Oktober 2024<\/strong><\/p>\n\n\n\n<p class=\"has-medium-font-size\">18.00 Uhr &#8211; Hl. Messe im Stephansdom<\/p>\n\n\n\n<p class=\"has-medium-font-size\">19.30 Uhr &#8211; Begr\u00fc\u00dfung durch P. Roberto Maria Pirastu OCD, Pr\u00e4sident der ESG\u00d6<\/p>\n\n\n\n<p class=\"has-medium-font-size\">Er\u00f6ffnungsvortrag: <strong>Menschsein mit Leib und Seele<\/strong>&nbsp;<br>Grundz\u00fcge der Anthropologie Edith Steins<br><em>Dr. Beate Beckmann-Z\u00f6ller, M\u00fcnchen<\/em><\/p>\n\n\n\n<p class=\"has-medium-font-size\"><strong>Samstag, den 19. Oktober 2024<\/strong><\/p>\n\n\n\n<p class=\"has-medium-font-size\">9.30 Uhr &#8211; <strong>Die \u00ab Doppelnatur des Menschen \u00bb<\/strong><br>die Bildung der Person als Individuum und als Gemeinschaftsglied&nbsp;<br><em>Dr. Laurence Bur, Stra\u00dfburg<\/em><\/p>\n\n\n\n<p class=\"has-medium-font-size\">10.30 Uhr &#8211; Pause<\/p>\n\n\n\n<p class=\"has-medium-font-size\">11 Uhr &#8211; <strong>Kompetenz f\u00fcr den Wandel<\/strong><br><em>Prof. Dr. Edda Pulst, Westf\u00e4lische Hochschule<\/em><\/p>\n\n\n\n<p class=\"has-medium-font-size\">12.00 Uhr &#8211; Mittagspause<\/p>\n\n\n\n<p class=\"has-medium-font-size\">14.30 Uhr &#8211; <strong><strong>Stein in der Krise<\/strong><\/strong><br>Der Umgang mit Konflikten gem\u00e4\u00df Edith Steins Philosophie von Individuum und Gemeinschaft<br><em>PD Dr.&nbsp; Martin Baesler, Freiburg<\/em><\/p>\n\n\n\n<p class=\"has-medium-font-size\">15.30 Uhr &#8211; <strong><strong>Begegnungsphilosophie als Lebenspraxis<\/strong><\/strong><br><em>Prof. Dr. Malgorzata Bogaczyk-Vormayr, Posen<\/em><\/p>\n\n\n\n<p class=\"has-medium-font-size\">16.30 Uhr &#8211; Pause<\/p>\n\n\n\n<p class=\"has-medium-font-size\">17.00 Uhr &#8211; <strong>&#8222;Liebt eure Feinde!&#8220;<\/strong><br>Die Feindesliebe als christliche Herausforderung<br><em>Dr. Helga Ehrmann-Falkenau, Wien<\/em><\/p>\n\n\n\n<p class=\"has-medium-font-size\">Moderation der Tagung: MMag. Renate Tolunay OCDS<\/p>\n","protected":false},"excerpt":{"rendered":"<p>Freitag, den 18. Oktober 2024 18.00 Uhr &#8211; Hl. Messe im Stephansdom 19.30 Uhr &#8211; Begr\u00fc\u00dfung durch P. Roberto Maria Pirastu OCD, Pr\u00e4sident der ESG\u00d6 Er\u00f6ffnungsvortrag: Menschsein mit Leib und Seele&nbsp;Grundz\u00fcge der Anthropologie Edith SteinsDr. Beate Beckmann-Z\u00f6ller, M\u00fcnchen Samstag, den 19. Oktober 2024 9.30 Uhr &#8211; Die \u00ab Doppelnatur des Menschen \u00bbdie Bildung der Person &hellip; <\/p>\n<p class=\"link-more\"><a href=\"https:\/\/tagung.karmel.at\/?page_id=464\" class=\"more-link\">Continue reading<span class=\"screen-reader-text\"> &#8222;Programm Edith Stein Tagung 2024&#8220;<\/span><\/a><\/p>\n","protected":false},"author":3,"featured_media":267,"parent":0,"menu_order":0,"comment_status":"closed","ping_status":"closed","template":"","meta":[],"_links":{"self":[{"href":"https:\/\/tagung.karmel.at\/index.php?rest_route=\/wp\/v2\/pages\/464"}],"collection":[{"href":"https:\/\/tagung.karmel.at\/index.php?rest_route=\/wp\/v2\/pages"}],"about":[{"href":"https:\/\/tagung.karmel.at\/index.php?rest_route=\/wp\/v2\/types\/page"}],"author":[{"embeddable":true,"href":"https:\/\/tagung.karmel.at\/index.php?rest_route=\/wp\/v2\/users\/3"}],"replies":[{"embeddable":true,"href":"https:\/\/tagung.karmel.at\/index.php?rest_route=%2Fwp%2Fv2%2Fcomments&post=464"}],"version-history":[{"count":6,"href":"https:\/\/tagung.karmel.at\/index.php?rest_route=\/wp\/v2\/pages\/464\/revisions"}],"predecessor-version":[{"id":487,"href":"https:\/\/tagung.karmel.at\/index.php?rest_route=\/wp\/v2\/pages\/464\/revisions\/487"}],"wp:featuredmedia":[{"embeddable":true,"href":"https:\/\/tagung.karmel.at\/index.php?rest_route=\/wp\/v2\/media\/267"}],"wp:attachment":[{"href":"https:\/\/tagung.karmel.at\/index.php?rest_route=%2Fwp%2Fv2%2Fmedia&parent=464"}],"curies":[{"name":"wp","href":"https:\/\/api.w.org\/{rel}","templated":true}]}}